{"id":25,"date":"2022-09-10T19:09:14","date_gmt":"2022-09-10T19:09:14","guid":{"rendered":"http:\/\/bgw-online.live\/?page_id=25"},"modified":"2023-10-31T22:52:13","modified_gmt":"2023-10-31T22:52:13","slug":"programm","status":"publish","type":"page","link":"https:\/\/bgw-online.live\/startseite\/programm\/","title":{"rendered":"Programm"},"content":{"rendered":"\t\t<div data-elementor-type=\"wp-page\" data-elementor-id=\"25\" class=\"elementor elementor-25\" data-elementor-post-type=\"page\">\n\t\t\t\t\t\t\t\t\t<section class=\"elementor-section elementor-top-section elementor-element elementor-element-a346085 elementor-section-boxed elementor-section-height-default elementor-section-height-default\" data-id=\"a346085\" data-element_type=\"section\">\n\t\t\t\t\t\t<div class=\"elementor-container elementor-column-gap-default\">\n\t\t\t\t\t<div class=\"elementor-column elementor-col-100 elementor-top-column elementor-element elementor-element-7b097dd\" data-id=\"7b097dd\" data-element_type=\"column\">\n\t\t\t<div class=\"elementor-widget-wrap elementor-element-populated\">\n\t\t\t\t\t\t\t\t<div class=\"elementor-element elementor-element-b855f3e elementor-widget elementor-widget-text-editor\" data-id=\"b855f3e\" data-element_type=\"widget\" data-widget_type=\"text-editor.default\">\n\t\t\t\t<div class=\"elementor-widget-container\">\n\t\t\t<style>\/*! elementor - v3.17.0 - 01-11-2023 *\/\n.elementor-widget-text-editor.elementor-drop-cap-view-stacked .elementor-drop-cap{background-color:#69727d;color:#fff}.elementor-widget-text-editor.elementor-drop-cap-view-framed .elementor-drop-cap{color:#69727d;border:3px solid;background-color:transparent}.elementor-widget-text-editor:not(.elementor-drop-cap-view-default) .elementor-drop-cap{margin-top:8px}.elementor-widget-text-editor:not(.elementor-drop-cap-view-default) .elementor-drop-cap-letter{width:1em;height:1em}.elementor-widget-text-editor .elementor-drop-cap{float:left;text-align:center;line-height:1;font-size:50px}.elementor-widget-text-editor .elementor-drop-cap-letter{display:inline-block}<\/style>\t\t\t\t<p>Programm am 7. November 2023<\/p><p>10.00 Uhr <br \/>Begr\u00fc\u00dfung und Einf\u00fchrung<br \/>Dr. Johannes Gerding, BGW K\u00f6ln<br \/>Dr. Christoph Willeke, BGW W\u00fcrzburg<\/p><p>10.10 Uhr <br \/>Aktuelle Themen des Gefahrstoffrechts und neue Arbeitshilfen<br \/>Dr. Gabriele Halsen, BGW K\u00f6ln<\/p><p>10.40 Uhr<br \/>Neue TRGS 401 &#8222;Gef\u00e4hrung durch Hautkontakt&#8220;: Konsequenzen f\u00fcr den Arbeitsschutz im Gesundheitsdienst<br \/><span style=\"color: var( --e-global-color-text ); font-family: var( --e-global-typography-text-font-family ), Sans-serif; font-weight: var( --e-global-typography-text-font-weight ); font-size: 1rem;\">Dr. Christiane Altenburg, BGW Hamburg<\/span><\/p><p>11.10 Uhr <br \/>Gef\u00e4hrdungsbeurteilung f\u00fcr T\u00e4tigkeiten mit Arzneimitteln<br \/>Dr. Andr\u00e9 Heinemann, BGW K\u00f6ln<\/p><p>11.40 Uhr<br \/>Mittagspause<\/p><p>13.00 Uhr <br \/>Vom Gift zum Grenzwert: Grundlagen der Toxikologie f\u00fcr Arbeitsschutzexperten<br \/>Dr. Johannes Gerding, BGW K\u00f6ln<\/p><p>13.30 Uhr <br \/>Desinfektions- und Reinigungsarbeiten im Gesundheitsdienst und der Wohlfahrtspflege<br \/>Dr. Lea Anh\u00e4user, BGW K\u00f6ln<\/p><p>14.00 Uhr <br \/>Gef\u00e4hrdungsermittlung mit System: Aktuelle Praxishinweise des Messtechnischen Dienstes<br \/>Dipl.-Ing. Wolfgang Wegscheider, BGW K\u00f6ln<br \/><br \/>14.30 Uhr <br \/>Pause<\/p><p>15.00 Uhr <br \/>T\u00e4tigkeiten mit krebserzeugenden Gefahrstoffen: Erfahrungen einer Aufsichtsperson aus Betriebsbesichtigungen<br \/>Dr. Christoph Willeke, BGW W\u00fcrzburg<br \/><br \/>15.30 Uhr <br \/>Ein Gefahrstoffinformationssystem f\u00fcr die Praxis: GisChem der BG RCI und der BGHM<br \/>Dipl.-Ing. Axel Schulte, BGHM D\u00fcsseldorf<br \/><br \/>16.30 Uhr <br \/>Zusammenfassung und Fragerunde<br \/>Dr. Johannes Gerding, BGW K\u00f6ln<br \/>Dr. Christoph Willeke, BGW W\u00fcrzburg<\/p><p>16.45 Uhr <br \/>Ende<\/p>\t\t\t\t\t\t<\/div>\n\t\t\t\t<\/div>\n\t\t\t\t\t<\/div>\n\t\t<\/div>\n\t\t\t\t\t\t\t<\/div>\n\t\t<\/section>\n\t\t\t\t\t\t\t<\/div>\n\t\t","protected":false},"excerpt":{"rendered":"<p>Programm am 7. November 2023 10.00 Uhr Begr\u00fc\u00dfung und Einf\u00fchrungDr. Johannes Gerding, BGW K\u00f6lnDr. Christoph Willeke, BGW W\u00fcrzburg 10.10 Uhr Aktuelle Themen des Gefahrstoffrechts und neue ArbeitshilfenDr. Gabriele Halsen, BGW K\u00f6ln 10.40 UhrNeue TRGS 401 &#8222;Gef\u00e4hrung durch Hautkontakt&#8220;: Konsequenzen f\u00fcr den Arbeitsschutz im GesundheitsdienstDr. Christiane Altenburg, BGW Hamburg 11.10 Uhr Gef\u00e4hrdungsbeurteilung f\u00fcr T\u00e4tigkeiten mit ArzneimittelnDr. [&hellip;]<\/p>\n","protected":false},"author":1,"featured_media":0,"parent":0,"menu_order":0,"comment_status":"closed","ping_status":"closed","template":"","meta":{"footnotes":""},"_links":{"self":[{"href":"https:\/\/bgw-online.live\/startseite\/wp-json\/wp\/v2\/pages\/25"}],"collection":[{"href":"https:\/\/bgw-online.live\/startseite\/wp-json\/wp\/v2\/pages"}],"about":[{"href":"https:\/\/bgw-online.live\/startseite\/wp-json\/wp\/v2\/types\/page"}],"author":[{"embeddable":true,"href":"https:\/\/bgw-online.live\/startseite\/wp-json\/wp\/v2\/users\/1"}],"replies":[{"embeddable":true,"href":"https:\/\/bgw-online.live\/startseite\/wp-json\/wp\/v2\/comments?post=25"}],"version-history":[{"count":10,"href":"https:\/\/bgw-online.live\/startseite\/wp-json\/wp\/v2\/pages\/25\/revisions"}],"predecessor-version":[{"id":269,"href":"https:\/\/bgw-online.live\/startseite\/wp-json\/wp\/v2\/pages\/25\/revisions\/269"}],"wp:attachment":[{"href":"https:\/\/bgw-online.live\/startseite\/wp-json\/wp\/v2\/media?parent=25"}],"curies":[{"name":"wp","href":"https:\/\/api.w.org\/{rel}","templated":true}]}}